{"id":120,"date":"2020-08-20T10:02:57","date_gmt":"2020-08-20T10:02:57","guid":{"rendered":"http:\/\/mdcleanservices.com\/index.php\/contact-us\/"},"modified":"2024-11-06T01:08:56","modified_gmt":"2024-11-06T00:08:56","slug":"contact-us","status":"publish","type":"page","link":"https:\/\/www.mdcleanservices.com\/index.php\/contact-us\/","title":{"rendered":"Contactez-nous"},"content":{"rendered":"\n<div data-aos= \"fade-right\" data-aos-duration=\"400\" data-aos-delay=\"0\" data-aos-easing=\"ease\" data-aos-once=\"true\" class=\"wp-block-uagb-container uagb-block-96e2964d alignfull uagb-is-root-container\"><div class=\"uagb-container-inner-blocks-wrap\">\n<div class=\"wp-block-uagb-advanced-heading uagb-block-9d9b26f7\"><h1 class=\"uagb-heading-text\">Contactez-nous<\/h1><\/div>\n<\/div><\/div>\n\n\n\n<div class=\"wp-block-uagb-container uagb-block-12d028b6 alignfull uagb-is-root-container\"><div class=\"uagb-container-inner-blocks-wrap\">\n<div data-aos= \"fade-left\" data-aos-duration=\"400\" data-aos-delay=\"0\" data-aos-easing=\"ease\" data-aos-once=\"true\" class=\"wp-block-uagb-container uagb-block-afa4665a\">\n<div class=\"wp-block-uagb-advanced-heading uagb-block-3eeff084\"><h2 class=\"uagb-heading-text\">D\u00e9tails<\/h2><\/div>\n\n\n\n<div class=\"wp-block-uagb-container uagb-block-f399bad3\">\n<div class=\"wp-block-uagb-info-box uagb-block-8830633e uagb-infobox__content-wrap  uagb-infobox-icon-left uagb-infobox-left uagb-infobox-image-valign-top\"><div class=\"uagb-ifb-icon-wrap\"><svg xmlns=\"https:\/\/www.w3.org\/2000\/svg\" viewBox=\"0 0 576 512\"><path d=\"M408 120C408 174.6 334.9 271.9 302.8 311.1C295.1 321.6 280.9 321.6 273.2 311.1C241.1 271.9 168 174.6 168 120C168 53.73 221.7 0 288 0C354.3 0 408 53.73 408 120zM288 152C310.1 152 328 134.1 328 112C328 89.91 310.1 72 288 72C265.9 72 248 89.91 248 112C248 134.1 265.9 152 288 152zM425.6 179.8C426.1 178.6 426.6 177.4 427.1 176.1L543.1 129.7C558.9 123.4 576 135 576 152V422.8C576 432.6 570 441.4 560.9 445.1L416 503V200.4C419.5 193.5 422.7 186.7 425.6 179.8zM150.4 179.8C153.3 186.7 156.5 193.5 160 200.4V451.8L32.91 502.7C17.15 508.1 0 497.4 0 480.4V209.6C0 199.8 5.975 190.1 15.09 187.3L137.6 138.3C140 152.5 144.9 166.6 150.4 179.8H150.4zM327.8 331.1C341.7 314.6 363.5 286.3 384 255V504.3L192 449.4V255C212.5 286.3 234.3 314.6 248.2 331.1C268.7 357.6 307.3 357.6 327.8 331.1L327.8 331.1z\"><\/path><\/svg><\/div><div class=\"uagb-ifb-content\"><div class=\"uagb-ifb-title-wrap\"><h4 class=\"uagb-ifb-title\">Notre Location<\/h4><\/div><p class=\"uagb-ifb-desc\"><a href=\"https:\/\/maps.app.goo.gl\/w6YZZ8UhtG5oGgrp9\" target=\"_blank\" rel=\"noreferrer noopener nofollow\">28 rue Paul Verlaine 69200 V\u00e9nissieux <\/a><\/p><\/div><\/div>\n\n\n\n<div class=\"wp-block-uagb-info-box uagb-block-6a96f312 uagb-infobox__content-wrap  uagb-infobox-icon-left uagb-infobox-left uagb-infobox-image-valign-top\"><div class=\"uagb-ifb-icon-wrap\"><svg xmlns=\"https:\/\/www.w3.org\/2000\/svg\" viewBox=\"0 0 512 512\"><path d=\"M464 64C490.5 64 512 85.49 512 112C512 127.1 504.9 141.3 492.8 150.4L275.2 313.6C263.8 322.1 248.2 322.1 236.8 313.6L19.2 150.4C7.113 141.3 0 127.1 0 112C0 85.49 21.49 64 48 64H464zM217.6 339.2C240.4 356.3 271.6 356.3 294.4 339.2L512 176V384C512 419.3 483.3 448 448 448H64C28.65 448 0 419.3 0 384V176L217.6 339.2z\"><\/path><\/svg><\/div><div class=\"uagb-ifb-content\"><div class=\"uagb-ifb-title-wrap\"><h4 class=\"uagb-ifb-title\">Notre Email<\/h4><\/div><p class=\"uagb-ifb-desc\"><a href=\"mailto:mdcleanserviceslyon@gmail.com\" target=\"_blank\" rel=\"noreferrer noopener nofollow\">mdcleanserviceslyon@gmail.com<\/a><\/p><\/div><\/div>\n<\/div>\n\n\n\n<div class=\"wp-block-uagb-info-box uagb-block-5cf76e74 uagb-infobox__content-wrap  uagb-infobox-icon-left uagb-infobox-left uagb-infobox-image-valign-top\"><div class=\"uagb-ifb-icon-wrap\"><svg xmlns=\"https:\/\/www.w3.org\/2000\/svg\" viewBox=\"0 0 512 512\"><path d=\"M18.92 351.2l108.5-46.52c12.78-5.531 27.77-1.801 36.45 8.98l44.09 53.82c69.25-34 125.5-90.31 159.5-159.5l-53.81-44.04c-10.75-8.781-14.41-23.69-8.974-36.47l46.51-108.5c6.094-13.91 21.1-21.52 35.79-18.11l100.8 23.25c14.25 3.25 24.22 15.8 24.22 30.46c0 252.3-205.2 457.5-457.5 457.5c-14.67 0-27.18-9.968-30.45-24.22l-23.25-100.8C-2.571 372.4 5.018 357.2 18.92 351.2z\"><\/path><\/svg><\/div><div class=\"uagb-ifb-content\"><div class=\"uagb-ifb-title-wrap\"><h4 class=\"uagb-ifb-title\">Appellez-Nous<\/h4><\/div><p class=\"uagb-ifb-desc\"><a href=\"tel:0632269134\" target=\"_blank\" rel=\"noreferrer noopener nofollow\">06 32 26 91 34<\/a><\/p><div class=\"uagb-ifb-separator\"><\/div><\/div><\/div>\n\n\n\n<div class=\"wp-block-uagb-advanced-heading uagb-block-69dd6eff\"><h3 class=\"uagb-heading-text\">Envoyez-nous un message<\/h3><\/div>\n\n\n<div class=\"wpforms-container wpforms-block wpforms-block-ab4b359d-6119-4e42-89cf-f1fbcdb93301\" id=\"wpforms-9\"><form id=\"wpforms-form-9\" class=\"wpforms-validate wpforms-form wpforms-ajax-form\" data-formid=\"9\" method=\"post\" enctype=\"multipart\/form-data\" action=\"\/index.php\/wp-json\/wp\/v2\/pages\/120\" data-token=\"652341be31e38a12027d4d1b7e692a85\" data-token-time=\"1776228017\"><noscript class=\"wpforms-error-noscript\">Veuillez activer JavaScript dans votre navigateur pour remplir ce formulaire.<\/noscript><div class=\"wpforms-field-container\"><div id=\"wpforms-9-field_0-container\" class=\"wpforms-field wpforms-field-name\" data-field-id=\"0\"><label class=\"wpforms-field-label\" for=\"wpforms-9-field_0\">Votre Nom <span class=\"wpforms-required-label\">*<\/span><\/label><input type=\"text\" id=\"wpforms-9-field_0\" class=\"wpforms-field-large wpforms-field-required\" name=\"wpforms[fields][0]\" placeholder=\"Pr\u00e9nom Nom\" required><\/div>\t\t<div id=\"wpforms-9-field_3-container\"\n\t\t\tclass=\"wpforms-field wpforms-field-text\"\n\t\t\tdata-field-type=\"text\"\n\t\t\tdata-field-id=\"3\"\n\t\t\t>\n\t\t\t<label class=\"wpforms-field-label\" for=\"wpforms-9-field_3\" >par Surface m\u00b2)<\/label>\n\t\t\t<input type=\"text\" id=\"wpforms-9-field_3\" class=\"wpforms-field-medium\" name=\"wpforms[fields][3]\" >\n\t\t<\/div>\n\t\t<div id=\"wpforms-9-field_1-container\" class=\"wpforms-field wpforms-field-email\" data-field-id=\"1\"><label class=\"wpforms-field-label\" for=\"wpforms-9-field_1\">Email <span class=\"wpforms-required-label\">*<\/span><\/label><input type=\"email\" id=\"wpforms-9-field_1\" class=\"wpforms-field-large wpforms-field-required\" name=\"wpforms[fields][1]\" spellcheck=\"false\" required><\/div><div id=\"wpforms-9-field_4-container\" class=\"wpforms-field wpforms-field-text\" data-field-id=\"4\"><label class=\"wpforms-field-label\" for=\"wpforms-9-field_4\">Sujet <span class=\"wpforms-required-label\">*<\/span><\/label><input type=\"text\" id=\"wpforms-9-field_4\" class=\"wpforms-field-large wpforms-field-required\" name=\"wpforms[fields][4]\" required><\/div><div id=\"wpforms-9-field_2-container\" class=\"wpforms-field wpforms-field-textarea\" data-field-id=\"2\"><label class=\"wpforms-field-label\" for=\"wpforms-9-field_2\">Votre message <span class=\"wpforms-required-label\">*<\/span><\/label><textarea id=\"wpforms-9-field_2\" class=\"wpforms-field-medium wpforms-field-required\" name=\"wpforms[fields][2]\" required><\/textarea><\/div><div id=\"wpforms-9-field_9-container\" class=\"wpforms-field wpforms-field-checkbox wpforms-list-inline\" data-field-id=\"9\"><label class=\"wpforms-field-label\">Estimation pour un devis<\/label><ul id=\"wpforms-9-field_9\"><li class=\"choice-1 depth-1\"><input type=\"checkbox\" id=\"wpforms-9-field_9_1\" name=\"wpforms[fields][9][]\" value=\"Oui\"  ><label class=\"wpforms-field-label-inline\" for=\"wpforms-9-field_9_1\">Oui<\/label><\/li><\/ul><div class=\"wpforms-field-description\">Si vous souhaitez \u00e9tablir un devis, merci de renseigner la surface de vos locaux ainsi que le nombre d&rsquo;intervention par mois afin d&rsquo;estimer le tarif.<\/div><\/div><div id=\"wpforms-9-field_7-container\" class=\"wpforms-field wpforms-field-number-slider\" data-field-id=\"7\"><label class=\"wpforms-field-label\" for=\"wpforms-9-field_7\">Surface (en m\u00b2)<\/label>\n<input\n\ttype=\"range\"\n\tid=\"wpforms-9-field_7\" class=\"wpforms-field-medium\" name=\"wpforms[fields][7]\" value=\"100\"\t\tmin=\"10\"\n\tmax=\"900\"\n\tstep=\"1\">\n\n<div class=\"wpforms-field-number-slider-hint\"\n\tdata-hint=\"Valeur s\u00e9lectionn\u00e9e\u00a0: {value} m\u00b2\">\n\tValeur s\u00e9lectionn\u00e9e\u00a0: <b>100<\/b> m\u00b2<\/div>\n<div class=\"wpforms-field-description\">Surface de la zone \u00e0 nettoyer<\/div><\/div><div id=\"wpforms-9-field_8-container\" class=\"wpforms-field wpforms-field-number-slider\" data-field-id=\"8\"><label class=\"wpforms-field-label\" for=\"wpforms-9-field_8\">Fr\u00e9quence d&#039;interventions par mois<\/label>\n<input\n\ttype=\"range\"\n\tid=\"wpforms-9-field_8\" class=\"wpforms-field-medium\" name=\"wpforms[fields][8]\" value=\"3\"\t\tmin=\"1\"\n\tmax=\"10\"\n\tstep=\"1\">\n\n<div class=\"wpforms-field-number-slider-hint\"\n\tdata-hint=\"Valeur s\u00e9lectionn\u00e9e\u00a0: {value} intervention(s)\">\n\tValeur s\u00e9lectionn\u00e9e\u00a0: <b>3<\/b> intervention(s)<\/div>\n<\/div><script>\n\t\t\t\t( function() {\n\t\t\t\t\tconst style = document.createElement( 'style' );\n\t\t\t\t\tstyle.appendChild( document.createTextNode( '#wpforms-9-field_3-container { position: absolute !important; overflow: hidden !important; display: inline !important; height: 1px !important; width: 1px !important; z-index: -1000 !important; padding: 0 !important; } #wpforms-9-field_3-container input { visibility: hidden; } #wpforms-conversational-form-page #wpforms-9-field_3-container label { counter-increment: none; }' ) );\n\t\t\t\t\tdocument.head.appendChild( style );\n\t\t\t\t\tdocument.currentScript?.remove();\n\t\t\t\t} )();\n\t\t\t<\/script><\/div><!-- .wpforms-field-container --><div class=\"wpforms-recaptcha-container wpforms-is-recaptcha wpforms-is-recaptcha-type-invisible\" ><div class=\"g-recaptcha\" data-sitekey=\"6LcLr14sAAAAAJO4FRBGXGyXZZnmtksRZ22mza9a\" data-size=\"invisible\"><\/div><\/div><div class=\"wpforms-submit-container\" ><input type=\"hidden\" name=\"wpforms[id]\" value=\"9\"><input type=\"hidden\" name=\"page_title\" value=\"\"><input type=\"hidden\" name=\"page_url\" value=\"https:\/\/www.mdcleanservices.com\/index.php\/wp-json\/wp\/v2\/pages\/120\"><input type=\"hidden\" name=\"url_referer\" value=\"\"><button type=\"submit\" name=\"wpforms[submit]\" id=\"wpforms-submit-9\" class=\"wpforms-submit\" data-alt-text=\"Envoi...\" data-submit-text=\"Confirmer\" aria-live=\"assertive\" value=\"wpforms-submit\">Confirmer<\/button><img loading=\"lazy\" decoding=\"async\" src=\"https:\/\/www.mdcleanservices.com\/wp-content\/plugins\/wpforms-lite\/assets\/images\/submit-spin.svg\" class=\"wpforms-submit-spinner\" style=\"display: none;\" width=\"26\" height=\"26\" alt=\"Chargement en cours\"><\/div><\/form><\/div>  <!-- .wpforms-container --><\/div>\n<\/div><\/div>\n\n\n<script>document.addEventListener(\"DOMContentLoaded\", function() {\r\n  \/\/ S\u00e9lectionner la checkbox et les divs \u00e0 toggle\r\n  const checkbox = document.getElementById('wpforms-9-field_9_1');\r\n  const div7 = document.getElementById('wpforms-9-field_7-container');\r\n  const div8 = document.getElementById('wpforms-9-field_8-container');\r\n  const surfaceInput = document.getElementById('wpforms-9-field_7');\r\n  const frequenceInput = document.getElementById('wpforms-9-field_8');\r\n\t\r\n  \/\/ Cr\u00e9er et ins\u00e9rer la div apr\u00e8s \"wpforms-9-field_8-container\"\r\n  const priceDiv = document.createElement('div');\r\n  priceDiv.id = 'price-estimation';\r\n  priceDiv.classList.add('wpforms-field');\r\n  priceDiv.textContent = 'Estimation du prix : 0\u20ac'; \/\/ Texte initial\r\n  priceDiv.style.display = 'none';\r\n  div8.insertAdjacentElement('afterend', priceDiv);\r\n\r\n  \/\/ Fonction pour afficher ou masquer les divs\r\n  function toggleDivs() {\r\n    if (checkbox.checked) {\r\n      div7.style.display = 'block';\r\n      div8.style.display = 'block';\r\n      priceDiv.style.display = 'block';\r\n    } else {\r\n      div7.style.display = 'none';\r\n      div8.style.display = 'none';\r\n\t  priceDiv.style.display = 'none';\r\n    }\r\n  }\r\n\r\n  \/\/ Fonction pour recalculer et mettre \u00e0 jour l'estimation du prix\r\n  function updatePrice() {\r\n    const surface = parseFloat(surfaceInput.value);\r\n    const frequence = parseFloat(frequenceInput.value);\r\n\r\n    \/\/ V\u00e9rifier si les valeurs sont valides\r\n    if (!isNaN(surface) && !isNaN(frequence) && frequence > 0) {\r\n      const price = Math.max(frequence * (100 + surface \/ 10), surface * 0.987 + (frequence - 2) * (surface \/ 2.7)); \/\/ Formule de calcul\r\n      priceDiv.innerHTML = 'Estimation du prix : <b>' + price.toFixed(2) + '\u20ac<\/b> HT\/mois';\r\n    } else {\r\n      priceDiv.textContent = \"Impossible d'estimer le prix\"; \/\/ Valeur par d\u00e9faut si input invalide\r\n    }\r\n  }\r\n\r\n  \/\/ \u00c9couter les \u00e9v\u00e9nements de changement sur les inputs\r\n  surfaceInput.addEventListener('input', updatePrice);\r\n  frequenceInput.addEventListener('input', updatePrice);\r\n  \/\/ Surveiller les changements sur la checkbox\r\n  checkbox.addEventListener('change', toggleDivs);\r\n\r\n  \/\/ Appeler la fonction une premi\u00e8re fois pour d\u00e9finir l'\u00e9tat initial\r\n  updatePrice();\r\n  \/\/ Appeler la fonction une premi\u00e8re fois pour d\u00e9finir l'\u00e9tat initial\r\n  toggleDivs();\r\n});\r\n<\/script>\n","protected":false},"excerpt":{"rendered":"<p>Contactez-nous D\u00e9tails Envoyez-nous un message<\/p>\n","protected":false},"author":1,"featured_media":0,"parent":0,"menu_order":0,"comment_status":"closed","ping_status":"closed","template":"","meta":{"_uag_custom_page_level_css":"","site-sidebar-layout":"default","site-content-layout":"plain-container","ast-site-content-layout":"normal-width-container","site-content-style":"unboxed","site-sidebar-style":"unboxed","ast-global-header-display":"","ast-banner-title-visibility":"","ast-main-header-display":"","ast-hfb-above-header-display":"","ast-hfb-below-header-display":"","ast-hfb-mobile-header-display":"","site-post-title":"disabled","ast-breadcrumbs-content":"","ast-featured-img":"disabled","footer-sml-layout":"","ast-disable-related-posts":"","theme-transparent-header-meta":"enabled","adv-header-id-meta":"","stick-header-meta":"","header-above-stick-meta":"","header-main-stick-meta":"","header-below-stick-meta":"","astra-migrate-meta-layouts":"set","ast-page-background-enabled":"default","ast-page-background-meta":{"desktop":{"background-color":"","background-image":"","background-repeat":"repeat","background-position":"center center","background-size":"auto","background-attachment":"scroll","background-type":"","background-media":"","overlay-type":"","overlay-color":"","overlay-opacity":"","overlay-gradient":""},"tablet":{"background-color":"","background-image":"","background-repeat":"repeat","background-position":"center center","background-size":"auto","background-attachment":"scroll","background-type":"","background-media":"","overlay-type":"","overlay-color":"","overlay-opacity":"","overlay-gradient":""},"mobile":{"background-color":"","background-image":"","background-repeat":"repeat","background-position":"center center","background-size":"auto","background-attachment":"scroll","background-type":"","background-media":"","overlay-type":"","overlay-color":"","overlay-opacity":"","overlay-gradient":""}},"ast-content-background-meta":{"desktop":{"background-color":"var(--ast-global-color-5)","background-image":"","background-repeat":"repeat","background-position":"center center","background-size":"auto","background-attachment":"scroll","background-type":"","background-media":"","overlay-type":"","overlay-color":"","overlay-opacity":"","overlay-gradient":""},"tablet":{"background-color":"var(--ast-global-color-5)","background-image":"","background-repeat":"repeat","background-position":"center center","background-size":"auto","background-attachment":"scroll","background-type":"","background-media":"","overlay-type":"","overlay-color":"","overlay-opacity":"","overlay-gradient":""},"mobile":{"background-color":"var(--ast-global-color-5)","background-image":"","background-repeat":"repeat","background-position":"center center","background-size":"auto","background-attachment":"scroll","background-type":"","background-media":"","overlay-type":"","overlay-color":"","overlay-opacity":"","overlay-gradient":""}},"footnotes":""},"class_list":["post-120","page","type-page","status-publish","hentry"],"uagb_featured_image_src":{"full":false,"thumbnail":false,"medium":false,"medium_large":false,"large":false,"1536x1536":false,"2048x2048":false},"uagb_author_info":{"display_name":"Benbb96","author_link":"https:\/\/www.mdcleanservices.com\/index.php\/author\/admin9078\/"},"uagb_comment_info":0,"uagb_excerpt":"Contactez-nous D\u00e9tails Envoyez-nous un message","_links":{"self":[{"href":"https:\/\/www.mdcleanservices.com\/index.php\/wp-json\/wp\/v2\/pages\/120","targetHints":{"allow":["GET"]}}],"collection":[{"href":"https:\/\/www.mdcleanservices.com\/index.php\/wp-json\/wp\/v2\/pages"}],"about":[{"href":"https:\/\/www.mdcleanservices.com\/index.php\/wp-json\/wp\/v2\/types\/page"}],"author":[{"embeddable":true,"href":"https:\/\/www.mdcleanservices.com\/index.php\/wp-json\/wp\/v2\/users\/1"}],"replies":[{"embeddable":true,"href":"https:\/\/www.mdcleanservices.com\/index.php\/wp-json\/wp\/v2\/comments?post=120"}],"version-history":[{"count":14,"href":"https:\/\/www.mdcleanservices.com\/index.php\/wp-json\/wp\/v2\/pages\/120\/revisions"}],"predecessor-version":[{"id":837,"href":"https:\/\/www.mdcleanservices.com\/index.php\/wp-json\/wp\/v2\/pages\/120\/revisions\/837"}],"wp:attachment":[{"href":"https:\/\/www.mdcleanservices.com\/index.php\/wp-json\/wp\/v2\/media?parent=120"}],"curies":[{"name":"wp","href":"https:\/\/api.w.org\/{rel}","templated":true}]}}